{"id":27398535,"date":"2025-06-17T09:36:54","date_gmt":"2025-06-17T09:36:54","guid":{"rendered":"https:\/\/ladrutiere.com\/?page_id=27398535"},"modified":"2025-06-17T09:41:20","modified_gmt":"2025-06-17T09:41:20","slug":"termes-et-conditions","status":"publish","type":"page","link":"https:\/\/ladrutiere.com\/en\/termes-et-conditions\/","title":{"rendered":"Termes et Conditions"},"content":{"rendered":"<p>[et_pb_section fb_built=\u00a0\u00bb1&Prime; theme_builder_area=\u00a0\u00bbpost_content\u00a0\u00bb _builder_version=\u00a0\u00bb4.27.4&Prime; _module_preset=\u00a0\u00bbdefault\u00a0\u00bb background_color=\u00a0\u00bbrgba(51,153,102,0.1)\u00a0\u00bb hover_enabled=\u00a0\u00bb0&Prime; sticky_enabled=\u00a0\u00bb0&Prime;][et_pb_row _builder_version=\u00a0\u00bb4.27.4&Prime; _module_preset=\u00a0\u00bbdefault\u00a0\u00bb theme_builder_area=\u00a0\u00bbpost_content\u00a0\u00bb background_color=\u00a0\u00bb#ffffff\u00a0\u00bb hover_enabled=\u00a0\u00bb0&Prime; sticky_enabled=\u00a0\u00bb0&Prime; custom_padding=\u00a0\u00bb|3vw||3vw|false|true\u00a0\u00bb width=\u00a0\u00bb70%\u00a0\u00bb border_radii=\u00a0\u00bbon|25px|25px|25px|25px\u00a0\u00bb][et_pb_column _builder_version=\u00a0\u00bb4.27.4&Prime; _module_preset=\u00a0\u00bbdefault\u00a0\u00bb type=\u00a0\u00bb4_4&Prime; theme_builder_area=\u00a0\u00bbpost_content\u00a0\u00bb][et_pb_text _builder_version=\u00a0\u00bb4.27.4&Prime; _module_preset=\u00a0\u00bbdefault\u00a0\u00bb theme_builder_area=\u00a0\u00bbpost_content\u00a0\u00bb hover_enabled=\u00a0\u00bb0&Prime; sticky_enabled=\u00a0\u00bb0&Prime;]<\/p>\n<h1 style=\"text-align: center;\">La Druti\u00e8re \u2013 Conditions G\u00e9n\u00e9rales de Location de Vacances<\/h1>\n<p style=\"text-align: center;\">\n<p style=\"text-align: center;\">Veuillez trouver ci-dessous les Conditions G\u00e9n\u00e9rales, celles-ci doivent \u00eatre lues et comprises avant toute r\u00e9servation.<\/p>\n<p style=\"text-align: center;\">Elles peuvent \u00e9galement \u00eatre imprim\u00e9es pour \u00eatre jointes \u00e0 votre Formulaire de<br \/>R\u00e9servation.<\/p>\n<p style=\"text-align: center;\">\u00a0 \u00a01. Les propri\u00e9t\u00e9s connues sous les noms de la Ferme et les Gables sont propos\u00e9es \u00e0 la location saisonni\u00e8re,<br \/>sous r\u00e9serve de confirmation par Steven Lock (co-propri\u00e9taire).<\/p>\n<p style=\"text-align: center;\">\u00a0 \u00a02. Pour r\u00e9server la propri\u00e9t\u00e9, le Client doit remplir et signer le formulaire de r\u00e9servation, puis le retourner<br \/>accompagn\u00e9 du paiement d\u2019un acompte initial non remboursable (25 % du montant total d\u00fb) dans un<br \/>d\u00e9lai de 3 jours. Apr\u00e8s r\u00e9ception du formulaire de r\u00e9servation, de l\u2019acompte et d\u2019une copie sign\u00e9e de ces<br \/>conditions, les propri\u00e9taires enverront une confirmation de la r\u00e9servation.<\/p>\n<p style=\"text-align: center;\">\u00a0 \u00a03. Le solde du paiement doit \u00eatre r\u00e9gl\u00e9 au plus tard huit semaines avant le d\u00e9but de la p\u00e9riode de<br \/>location. Si le paiement n\u2019est pas re\u00e7u \u00e0 cette date, les propri\u00e9taires se r\u00e9servent le droit d\u2019annuler la<br \/>r\u00e9servation par \u00e9crit. Les r\u00e9servations effectu\u00e9es moins de huit semaines avant le d\u00e9but de la p\u00e9riode de<br \/>location doivent \u00eatre pay\u00e9es en totalit\u00e9 au moment de la r\u00e9servation.<\/p>\n<p style=\"text-align: center;\">\u00a0 \u00a04. Un d\u00e9p\u00f4t de garantie de 350 \u00a3 (ou en euros) est requis pour la p\u00e9riode de location, en cas de<br \/>dommages caus\u00e9s aux propri\u00e9t\u00e9s ou \u00e0 leur contenu. Nous demandons que ce montant soit r\u00e9gl\u00e9 deux<br \/>semaines avant votre arriv\u00e9e par virement bancaire. Toutefois, si vous souhaitez r\u00e9gler cette somme \u00e0<br \/>l\u2019arriv\u00e9e, cela peut \u00eatre fait en ESP\u00c8CES. Le montant stipul\u00e9 dans cette clause ne limite pas la<br \/>responsabilit\u00e9 du Client envers les propri\u00e9taires. Les propri\u00e9taires rembourseront le d\u00e9p\u00f4t de garantie,<br \/>d\u00e9duction faite des \u00e9ventuelles charges, dans un d\u00e9lai d\u2019une semaine apr\u00e8s la fin de la p\u00e9riode de<br \/>location.<\/p>\n<p style=\"text-align: center;\">\u00a0 \u00a05. Sous r\u00e9serve des clauses 2 et 3 ci-dessus, en cas d\u2019annulation, un remboursement des sommes<br \/>vers\u00e9es sera effectu\u00e9 si les propri\u00e9taires parviennent \u00e0 relouer la propri\u00e9t\u00e9 ; les frais ou pertes r\u00e9sultant<br \/>de l\u2019annulation seront d\u00e9duits du montant remboursable. Il est fortement recommand\u00e9 au Client de<br \/>souscrire une assurance voyage compl\u00e8te (incluant une couverture annulation) ainsi qu\u2019une assurance<br \/>pour les effets personnels, la responsabilit\u00e9 civile, etc., car ces \u00e9l\u00e9ments ne sont pas couverts par<br \/>l\u2019assurance du propri\u00e9taire.<\/p>\n<p style=\"text-align: center;\">\u00a0 \u00a06. La location commence \u00e0 16h00 le premier jour et se termine \u00e0 10h00 le dernier jour. Les propri\u00e9taires<br \/>ne sont pas tenus de mettre le logement \u00e0 disposition avant l\u2019heure indiqu\u00e9e et le Client n\u2019a pas le droit de<br \/>rester dans les lieux apr\u00e8s l\u2019heure de d\u00e9part.<\/p>\n<p style=\"text-align: center;\">\u00a0 \u00a07. Le nombre maximum de personnes pouvant s\u00e9journer dans les propri\u00e9t\u00e9s ne doit pas d\u00e9passer 13,<br \/>sauf autorisation pr\u00e9alable des propri\u00e9taires.<\/p>\n<p style=\"text-align: center;\">\u00a0 \u00a08. Le Client s\u2019engage \u00e0 \u00eatre un locataire respectueux, \u00e0 prendre soin de la propri\u00e9t\u00e9 et \u00e0 la laisser dans un<br \/>\u00e9tat propre et rang\u00e9 (conform\u00e9ment aux instructions de d\u00e9part) \u00e0 la fin de la p\u00e9riode de location. Bien<br \/>qu\u2019un nettoyage final soit inclus dans les tarifs de haute saison, les propri\u00e9taires se r\u00e9servent le droit de<br \/>retenir jusqu\u2019\u00e0 300 \u00a3 (ou en euros) sur le d\u00e9p\u00f4t de garantie pour couvrir des frais de nettoyage<br \/>suppl\u00e9mentaires si le logement est laiss\u00e9 dans un \u00e9tat jug\u00e9 inacceptable.<\/p>\n<p style=\"text-align: center;\">\u00a0 \u00a09. Le Client s\u2019engage \u00e0 ne pas perturber les habitants des propri\u00e9t\u00e9s voisines. La Ferme est situ\u00e9e dans un<br \/>hameau rural calme, et par respect pour le voisinage, aucune musique ext\u00e9rieure n\u2019est autoris\u00e9e<br \/>apr\u00e8s minuit et le bruit doit \u00eatre r\u00e9duit au minimum apr\u00e8s cette heure.<\/p>\n<p style=\"text-align: center;\">\u00a0 \u00a010. Le Client s\u2019engage \u00e0 respecter le r\u00e8glement concernant l\u2019utilisation de la piscine des propri\u00e9taires et<br \/>doit accepter et signer une d\u00e9charge de responsabilit\u00e9 concernant la piscine. Les palmes et les<br \/>animaux domestiques sont interdits dans la piscine afin de pr\u00e9venir tout dommage au liner ; les<br \/>propri\u00e9taires se r\u00e9servent le droit de retirer l\u2019acc\u00e8s \u00e0 la piscine en cas de non-respect du r\u00e8glement, sans<br \/>compensation.<\/p>\n<p style=\"text-align: center;\">\u00a0 \u00a011. Aucun objet appartenant aux propri\u00e9taires ne peut \u00eatre retir\u00e9 de la propri\u00e9t\u00e9 sans leur autorisation<br \/>pr\u00e9alable.<\/p>\n<p style=\"text-align: center;\">\u00a0 \u00a012. Le Client doit signaler aux propri\u00e9taires, sans d\u00e9lai, tout d\u00e9faut dans la propri\u00e9t\u00e9 ou panne<br \/>d\u2019\u00e9quipement, de machine ou d\u2019appareil dans la maison, le jardin ou la piscine. Des arrangements pour<br \/>r\u00e9paration ou remplacement seront effectu\u00e9s d\u00e8s que possible.<\/p>\n<p style=\"text-align: center;\">\u00a0 \u00a013. Les propri\u00e9taires ne pourront \u00eatre tenus responsables envers le Client :<br \/>\u2013 de toute panne temporaire des services publics \u00e0 la propri\u00e9t\u00e9,<br \/>\u2013 de tout dysfonctionnement des \u00e9quipements, machines ou appareils,<br \/>\u2013 de toute perte, dommage ou blessure caus\u00e9s par des conditions m\u00e9t\u00e9orologiques d\u00e9favorables,<br \/>\u00e9meutes, guerres, gr\u00e8ves ou autres circonstances ind\u00e9pendantes de leur volont\u00e9,<br \/>\u2013 de toute perte, dommage ou inconv\u00e9nient subi par le Client si la propri\u00e9t\u00e9 est d\u00e9truite ou gravement<br \/>endommag\u00e9e avant le d\u00e9but de la p\u00e9riode de location. Dans un tel cas, les propri\u00e9taires s\u2019engagent \u00e0<br \/>rembourser toutes les sommes vers\u00e9es dans un d\u00e9lai de sept jours apr\u00e8s notification au Client.<\/p>\n<p style=\"text-align: center;\">\u00a0 \u00a014. En aucun cas, la responsabilit\u00e9 des propri\u00e9taires envers le Client ne pourra exc\u00e9der le montant pay\u00e9<br \/>pour la p\u00e9riode de location.<\/p>\n<p style=\"text-align: center;\">\u00a0 \u00a015. Ce contrat est r\u00e9gi exclusivement par le droit fran\u00e7ais, tant dans sa formation que dans son<br \/>interpr\u00e9tation, et est r\u00e9put\u00e9 avoir \u00e9t\u00e9 conclu en France. Tout litige li\u00e9 \u00e0 ce contrat pourra \u00eatre port\u00e9<br \/>devant toute juridiction comp\u00e9tente en France.<\/p>\n<p style=\"text-align: center;\">\n<p style=\"text-align: center;\"><strong>Steven Lock<\/strong><br \/><strong>Telephone: +33 (0) 7 87 72 85 84<\/strong><br \/><strong>Email: contact@ladrutiere.fr<\/strong><br \/><strong>Siren N\u00b0 917 498 875<\/strong><\/p>\n<p>[\/et_pb_text][\/et_pb_column][\/et_pb_row][\/et_pb_section]<\/p>\n","protected":false},"excerpt":{"rendered":"<p>La Druti\u00e8re \u2013 Conditions G\u00e9n\u00e9rales de Location de Vacances Veuillez trouver ci-dessous les Conditions G\u00e9n\u00e9rales, celles-ci doivent \u00eatre lues et comprises avant toute r\u00e9servation. Elles peuvent \u00e9galement \u00eatre imprim\u00e9es pour \u00eatre jointes \u00e0 votre Formulaire deR\u00e9servation. \u00a0 \u00a01. Les propri\u00e9t\u00e9s connues sous les noms de la Ferme et les Gables sont propos\u00e9es \u00e0 la location [&hellip;]<\/p>\n","protected":false},"author":2,"featured_media":0,"parent":0,"menu_order":0,"comment_status":"closed","ping_status":"closed","template":"","meta":{"_et_pb_use_builder":"on","_et_pb_old_content":"","_et_gb_content_width":"","footnotes":""},"dipi_cpt_category":[],"folder":[],"class_list":["post-27398535","page","type-page","status-publish","hentry"],"_links":{"self":[{"href":"https:\/\/ladrutiere.com\/en\/wp-json\/wp\/v2\/pages\/27398535","targetHints":{"allow":["GET"]}}],"collection":[{"href":"https:\/\/ladrutiere.com\/en\/wp-json\/wp\/v2\/pages"}],"about":[{"href":"https:\/\/ladrutiere.com\/en\/wp-json\/wp\/v2\/types\/page"}],"author":[{"embeddable":true,"href":"https:\/\/ladrutiere.com\/en\/wp-json\/wp\/v2\/users\/2"}],"replies":[{"embeddable":true,"href":"https:\/\/ladrutiere.com\/en\/wp-json\/wp\/v2\/comments?post=27398535"}],"version-history":[{"count":0,"href":"https:\/\/ladrutiere.com\/en\/wp-json\/wp\/v2\/pages\/27398535\/revisions"}],"wp:attachment":[{"href":"https:\/\/ladrutiere.com\/en\/wp-json\/wp\/v2\/media?parent=27398535"}],"wp:term":[{"taxonomy":"dipi_cpt_category","embeddable":true,"href":"https:\/\/ladrutiere.com\/en\/wp-json\/wp\/v2\/dipi_cpt_category?post=27398535"},{"taxonomy":"folder","embeddable":true,"href":"https:\/\/ladrutiere.com\/en\/wp-json\/wp\/v2\/folder?post=27398535"}],"curies":[{"name":"wp","href":"https:\/\/api.w.org\/{rel}","templated":true}]}}